{"id":2064,"date":"2021-07-16T07:56:34","date_gmt":"2021-07-16T07:56:34","guid":{"rendered":"https:\/\/eugov.uab.cat\/?page_id=2064"},"modified":"2025-12-10T14:00:23","modified_gmt":"2025-12-10T14:00:23","slug":"congresses-conferences-and-workshops","status":"publish","type":"page","link":"https:\/\/eugov.uab.cat\/index.php\/congresses-conferences-and-workshops\/","title":{"rendered":"Congresses, conferences and workshops"},"content":{"rendered":"\n<div class=\"wp-block-cover alignfull is-light\" style=\"min-height:470px;aspect-ratio:unset;\"><span aria-hidden=\"true\" class=\"wp-block-cover__background has-background-dim-40 has-background-dim\" style=\"background-color:#181f2a\"><\/span><img loading=\"lazy\" decoding=\"async\" width=\"1920\" height=\"800\" class=\"wp-block-cover__image-background wp-image-2132\" alt=\"\" src=\"https:\/\/eugov.uab.cat\/wp-content\/uploads\/2021\/09\/aaa.jpg\" data-object-fit=\"cover\" srcset=\"https:\/\/eugov.uab.cat\/wp-content\/uploads\/2021\/09\/aaa.jpg 1920w, https:\/\/eugov.uab.cat\/wp-content\/uploads\/2021\/09\/aaa-300x125.jpg 300w, https:\/\/eugov.uab.cat\/wp-content\/uploads\/2021\/09\/aaa-1024x427.jpg 1024w, https:\/\/eugov.uab.cat\/wp-content\/uploads\/2021\/09\/aaa-768x320.jpg 768w, https:\/\/eugov.uab.cat\/wp-content\/uploads\/2021\/09\/aaa-1536x640.jpg 1536w\" sizes=\"auto, (max-width: 1920px) 100vw, 1920px\" \/><div class=\"wp-block-cover__inner-container is-layout-flow wp-block-cover-is-layout-flow\">\n<h1 class=\"wp-block-heading has-white-color has-text-color\">Congresses, conferences and workshops<\/h1>\n\n\n\n<h3 class=\"wp-block-heading has-ast-global-color-5-color has-text-color\"><strong>Papers presented last five years<\/strong><\/h3>\n<\/div><\/div>\n\n\n\n<div class=\"inherit-container-width wp-block-group alignfull has-background is-layout-constrained wp-block-group-is-layout-constrained\" style=\"background:linear-gradient(180deg,rgb(255,255,255) 0%,rgb(244,248,253) 100%)\"><div class=\"wp-block-group__inner-container\">\n<div style=\"height:16px\" aria-hidden=\"true\" class=\"wp-block-spacer\"><\/div>\n\n\n\n<p><strong>19th Biennial EUSA Conference, Philadelphia, 6-10 May 2025.<\/strong><br>Paper 1 presented: Fern\u00e1ndez-Pasar\u00edn, A.M. and Mir\u00f3, J.: \u2018Negotiated and Negotiable? Contractual Governance and the Flexibility of the EU\u2019s Recovery and Resilience Facility\u2019<br>Paper 2 presented: Capati, A., Christiansen, T. and Fern\u00e1ndez Pasar\u00edn \u2018Silenced Contestation: Explaining the Quiet Implementation of the RRF\u2019<\/p>\n\n\n\n<p><strong>Workshop The EU\u2019s Recovery and Resilience Facility: a model for governance and financing? European University Institute, 4 april 2025<\/strong><br>Paper 1 presented: Fern\u00e1ndez-Pasar\u00edn, A.M. and Mir\u00f3, J.: \u2018Negotiated and Negotiable? Contractual Governance and the Flexibility of the EU\u2019s Recovery and Resilience Facility\u2019<br>Paper 2 presented: Capati, A., Christiansen, T. and Fern\u00e1ndez Pasar\u00edn \u2018Silenced Contestation: Explaining the Quiet Implementation of the RRF\u2019<\/p>\n\n\n\n<p><strong>6th Research Conference on EU Studies, Universitat Pompeu Fabra, Barcelona Center for European Studies, 10 September 2024.&nbsp;<\/strong><br>Paper presented: Mir\u00f3, J. and Fern\u00e1ndez Pasar\u00edn, A. : \u2018Negotiated and Negotiable? Contractual Governance and the Flexibility of the EU\u2019s Recovery and Resilience Facility\u2019<\/p>\n\n\n\n<p><strong>XVII Congreso de la Asociaci\u00f3n Espa\u00f1ola de Ciencia Pol\u00edtica (AECPA), Burgos, 22-24 July<\/strong><br>Paper presented: Fern\u00e1ndez-Pasar\u00edn, A.M. and Mir\u00f3, J.: \u2018Negotiated and Negotiable? Contractual Governance and the Flexibility of the EU\u2019s Recovery and Resilience Facility\u2019<\/p>\n\n\n\n<p><strong>30th International Conference of Europeanists, Lyon, France, 3 \u2013 5 July 2024<\/strong><br>Paper presented: Fern\u00e1ndez-Pasar\u00edn, A.M. and Mir\u00f3, J.: \u2018Negotiated and Negotiable? Contractual Governance and the Flexibility of the EU\u2019s Recovery and Resilience Facility\u2019<\/p>\n\n\n\n<p><strong>6th Research Conference on EU Studies, Universitat Pompeu Fabra, Barcelona Center for European Studies, 10 September 2024<\/strong><br>Ares, C.: &#8216;EU funds and administrative capacity at the regional level in Spain&#8217;<br>Font, N.: &#8216;Standards of Transparency in the European Parliament&#8217;<br>Mir\u00f3, J.: &#8216;Negotiated and Negotiable? Contractual Governance and the Flexibility of the EU\u2019s Recovery and Resilience Facility&#8217;<\/p>\n\n\n\n<p><strong>ESPAnet Conference, Tampere, Finland, 28 &#8211; 30 August 2024<\/strong><br>P\u00e9rez-Dur\u00e1n, I., Bravo, C. and Rozas, J.: &#8216;Attribution of Responsibility in Nursing Homes Responses to COVID-19 in Spain: Politicians or service providers?&#8217;<\/p>\n\n\n\n<p><strong>ECPR General Conference, Dublin, Ireland, 12 &#8211; 15 August 2024<\/strong><br>P\u00e9rez-Dur\u00e1n, I., Bravo, C. and Rozas, J.: &#8216;A Perfect Storm? Exploring Governance Responses to the COVID-19 Crisis in the Spanish Elderly Care Sector.&#8217;<\/p>\n\n\n\n<p><strong>30th International Conference of Europeanists, Lyon, France, 3 &#8211; 5 July 2024<\/strong><br>P\u00e9rez-Dur\u00e1n, I. and Rozas, J.: &#8216;Digital Transparency in Nursing Home Services: An Examination of Provider Types and Implications for Equality&#8217;<br>Ares, C. and Font, N.: &#8216;Comparing Standards of Transparency in the European Parliament as an \u2018Actor\u2019 and as a \u2018Forum&#8217;<\/p>\n\n\n\n<p><strong>12th Biennial Conference of the ECPR Standing Group on the European Union, Lisboa, 19 &#8211; 21 June 2024<\/strong><br>Ares, C. and Font, N.: &#8216;Assessing Consistency vis-\u00e0-vis Transparency Supply and Demand in the European Parliament&#8217;<br>Fern\u00e1ndez-Pasar\u00edn, A.M. and Mir\u00f3, J.: &#8216;Negotiated and Negotiable? Contractual Governance and the Flexibility of the EU\u2019s Recovery and Resilience Facility&#8217;<\/p>\n\n\n\n<p><strong>8th Global Conference on Transparency Research (GCTR), Brussels, Belgium, 15 &#8211; 17 May 2024<\/strong><br>P\u00e9rez-Dur\u00e1n, I. and&nbsp;Verhoest, K.: &#8216;Trust in nursing home services within weak regulatory regimes: The role of transparency, government control and beneficiaries\u2019 involvement&#8217;<\/p>\n\n\n\n<p><strong>Workshop on Regulation and (dis)trust: Exploring a complex relationship, European University Institute, Florence, Italy, 24 &#8211; 26 January 2024<\/strong><br>P\u00e9rez-Dur\u00e1n, I. and Rincon, L.: &#8216;Using conjoint analysis to examine trust and preferences in nursing home services and the effect of modes of transparency, control and regulation&#8217;<\/p>\n\n\n\n<p><strong>SISP Conference 2023 (Societ\u00e0 Italiana di Scienza Politica), Albergo dei Poveri, Genoa (Italy), 16 September 2023<\/strong><br>Fern\u00e1ndez-Pasar\u00edn, A. M. and Lanaia, A.: &#8216;Contractual Leadership. The Role of the Commission in the Consensual Implementation of the Recovery and Resilience Facility&#8217;<\/p>\n\n\n\n<p><strong>Biennial Conference of the Standing Group on Regulatory Governance, University of Antwerp, Belgium, 12-14 July 2023<\/strong><br>P\u00e9rez-Dur\u00e1n, I., Redert, B., Papadapoulus, Y., and Trivi\u00f1o-Salazar, J.C.: \u2018Does the Background of the Regulator Matter? Representation, Critical Mass and Cultural Capture in Regulatory Bodies\u2019<br>P\u00e9rez-Dur\u00e1n, I.: \u2018Trust in nursing home services and the effect of transparency and accountability\u2019<\/p>\n\n\n\n<p><strong>Public Management Research Conference 2023, Utrecht University, Netherlands, 27-30 June 2023<\/strong><br>P\u00e9rez-Dur\u00e1n, I. &amp; Grimmelikhuijsen, S.: \u2018Accountability behind doors: examining macro, meso and micro-level factors in nursing homes\u2019<\/p>\n\n\n\n<p><strong><strong>Twenty-Ninth International Conference of Europeanists, University of Iceland, Reykjavik, 27 &#8211; 30 June 2023<\/strong><\/strong><br>Mir\u00f3, J., Natili, M. and Schelkle, W.: &#8216;How much difference do Recovery and Resilience Plans make to member states\u2019 fiscal and social policy?&#8217;<br>Branco, R., Mir\u00f3, J. and Natili, M.: &#8216;Back from the cold? Progressive politics and social policy in Southern Europe after the Great Recession&#8217;<\/p>\n\n\n\n<p><strong>The American Society for Public Administration (ASPA) Annual Conference, Online presentation, 23 March 2023<\/strong><br>P\u00e9rez-Dur\u00e1n, I.: \u2018Accountable services for the elderly\u2019<\/p>\n\n\n\n<p><strong>Workshop on Law, Politics and Practice of Delegated Rulemaking in the EU, University of Amsterdam, Amsterdam Centre for European Studies (ACES), Amsterdam, 20 January 2023<\/strong><br>Fern\u00e1ndez-Pasar\u00edn, A. M.&nbsp;and Lanaia, A.: \u2018Delegation and Consensual Decision-Making in Times of Crisis. Exploring the Role of the Commission in the Implementation of the Recovery and Resilience Facility\u2019<\/p>\n\n\n\n<p><strong>X Congreso de Migraciones, Instituto Universitario de Investigaci\u00f3n Ortega y Gasset (IUIOG) and Universidad Aut\u00f3noma de Madrid (IMEDES), Madrid, 14 September 2022<\/strong><br>Boland, C.: \u2018Let the refugees come: rethinking pull factors\u2019<\/p>\n\n\n\n<p><strong>19th IMISCOE Annual Conference, Oslo (hybrid event), 30 June 2022<\/strong><br>Boland, C.: \u2018International norms and actors in migration governance\u2019<\/p>\n\n\n\n<p><strong>4th Research Conference on EU Studies, Universitat Pompeu Fabra, Barcelona Center for European Studies, 23 June 2022<\/strong><br>Fern\u00e1ndez-Pasar\u00edn, A. M.&nbsp;and Lanaia, A.: \u2018Conciliating EU Conditionality and Consensus in the implementation of the Recovery and Resilience Facility. The role of standard delegation\u2019<\/p>\n\n\n\n<p><strong>11th Biennial Conference of the ECPR Standing Group on the EU (SGEU), LUISS University, Rome, 7-10 June 2022<\/strong><br>Fern\u00e1ndez-Pasar\u00edn, A. M.&nbsp;and Lanaia, A.: \u2018EU Conditionality, Consensual Decision-Making and Treaty-Based Delegation in Times of Crisis. A Two-Steps Analysis of the Recovery and Resilience Facility\u2019<\/p>\n\n\n\n<p><strong>S\u00e9minaire de recherche.&nbsp;Regards Crois\u00e9s sur l\u2019Europe, Universit\u00e9 de Paris VIII, Paris, 9 March 2022<br><\/strong>Fern\u00e1ndez-Pasar\u00edn, A. M.: \u2018Unveiling inconsistency: Consensus and contestation along the Council-Comitology cycle of EU policy-making\u2019<\/p>\n\n\n\n<p><strong>XV Congress of the Spanish Association of Political Science (AECPA), On-line Conference, 7-9 July 2021<\/strong><br>P\u00e9rez-Dur\u00e1n, I.: \u2018Rendici\u00f3n de cuentas y grupos de inter\u00e9s en las residencias mayores en Espa\u00f1a\u2019<\/p>\n\n\n\n<p><strong>18th IMISCOE Annual Conference, University of Luxembourg (On-line), 7-8 July 2021<\/strong><br>Boland, C., Blasi, C., S\u00e1nchez-Montijano, E and Vil\u00e0, E.: \u2018The role of emerging IT prediction tools in effective migration governance\u2019<br>Boland, C.: \u2018A double standard? Dissociating Muslim youth from gender (in)equality discourse\u2019<\/p>\n\n\n\n<p><strong>3rd Research Conference on EU Studies, Universitat Pompeu Fabra, Barcelona Center for European Studies, 6 July 2021<br><\/strong>Fern\u00e1ndez-Pasar\u00edn, A. M.&nbsp;and Lanaia, A.: \u2018The Europeanisation effects of the Next Generation EU Funds in Spain\u2019<\/p>\n\n\n\n<p><strong>5th International Conference on Public Policy, Universitat Pompeu Fabra, Barcelona, 5-9 July 2021<\/strong><br>P\u00e9rez-Dur\u00e1n, I.: \u2018Active learning in policy studies in pandemic times: the promise of digital games\u2019<br>P\u00e9rez-Dur\u00e1n, I.: \u2018Democratization in regulatory governance\u2019<\/p>\n\n\n\n<p><strong>ECPR 10th Conference of the SGEU, On-line Conference, 10-12 June 2021<\/strong><br>P\u00e9rez-Dur\u00e1n, I.: \u2018The analysis of trust in governments through the assessment of social policies: the role of inter-nal and independent evaluations\u2019<\/p>\n\n\n\n<p><strong>2nd Research Conference on EU Studies, Universitat Pompeu Fabra, Barcelona Center for European Studies, 18 December 2020<\/strong><br>Fern\u00e1ndez-Pasar\u00edn, A. M. and Font, N.: \u2018Unveiling inconsistency: consensus and contestation along the Council-comitology cycle of EU policy-making\u2019<\/p>\n\n\n\n<p><strong>14th ECPR General Conference, On-line Conference, 24-28 August 2020<\/strong><br>P\u00e9rez-Dur\u00e1n, I.: \u2018Bureaucracy, Accountability and Blame\u2019<br>P\u00e9rez-Dur\u00e1n, I.: \u2018Assessing the Role of Stakeholders, Public and Political Institutions in Government Accounta-bility\u2019<\/p>\n\n\n\n<p><strong>S\u00e9minaire de recherche. Regards Crois\u00e9s sur l\u2019Europe, Universit\u00e9 de Paris VIII, Paris, 12 March 2020<\/strong><br>Fern\u00e1ndez-Pasar\u00edn, A. M.: \u2018Comitology: the strenght of dissent\u2019<\/p>\n\n\n\n<p><strong>UACES 49th Annual Conference, University of Lisbon, 1-4 September 2019<\/strong><br>Fern\u00e1ndez-Pasar\u00edn, A. M. and Font, N.: \u2018Unveiling inconsistency: consensus and contestation along the legislative-executive cycle of EU policy-making\u2019<\/p>\n\n\n\n<p><strong>9th Annual Conference European Political Science Association, Belfast, 20-22 June 2019<\/strong><br>Arregui, J.: \u2018Comparing EU Member State&#8217;s Human and Administrative Resources with their Bargaining Satisfaction in the Council\u2019<\/p>\n\n\n\n<p><strong>CES 26th International Conference of Europeanists, Universidad Carlos III de Madrid, 20-22 June 2019<\/strong><br>Fern\u00e1ndez-Pasar\u00edn, A. M. and Font, N.: \u2018Consensus and contestation along the legislative-executive cycle of EU policy-making\u2019<br>P\u00e9rez-Dur\u00e1n, I.: \u2018Accountability and multilevel governance in social policies\u2019<br>P\u00e9rez-Dur\u00e1n, I. and Bravo, C.: \u2018Representative bureaucracy in European Union agencies\u2019 expert bodies\u2019<\/p>\n\n\n\n<p><strong>Delegation of powers in the EU: Current Issues and Future Developments, Maastricht University, Campus Brussels, 28 May 2019<br><\/strong>Fern\u00e1ndez-Pasar\u00edn, A. M.: \u2018Delegation of power in the Post-Lisbon Era: A Quantitative Analysis of Comitology\u2019<\/p>\n\n\n\n<p><\/p>\n\n\n\n<p><\/p>\n\n\n\n<div class=\"wp-block-cover alignfull has-background-dim has-parallax\" style=\"background-image:url(https:\/\/eugov.uab.cat\/wp-content\/uploads\/2020\/08\/CTA-bg-1.jpg);background-color:#181f2a;min-height:335px;aspect-ratio:unset;\"><div class=\"wp-block-cover__inner-container is-layout-flow wp-block-cover-is-layout-flow\">\n<h2 class=\"has-text-align-center wp-block-heading\">Contact us<\/h2>\n\n\n\n<p class=\"has-text-align-center\">Feel free to contact us<\/p>\n\n\n\n<div class=\"wp-block-buttons is-content-justification-center is-layout-flex wp-block-buttons-is-layout-flex\">\n<div class=\"wp-block-button\"><a class=\"wp-block-button__link\" href=\"mailto:eugov@uab.cat\">eugov@uab.cat<\/a><\/div>\n<\/div>\n<\/div><\/div>\n\n\n\n<p><\/p>\n<\/div><\/div>\n","protected":false},"excerpt":{"rendered":"<p>19th Biennial EUSA Conference, Philadelphia, 6-10 May 2025.Paper 1 presented: Fern\u00e1ndez-Pasar\u00edn, A.M. and Mir\u00f3, J.: \u2018Negotiated and Negotiable? Contractual Governance and the Flexibility of the EU\u2019s Recovery and Resilience Facility\u2019Paper 2 presented: Capati, A., Christiansen, T. and Fern\u00e1ndez Pasar\u00edn \u2018Silenced Contestation: Explaining the Quiet Implementation of the RRF\u2019 Workshop The EU\u2019s Recovery and Resilience Facility: [&hellip;]<\/p>\n","protected":false},"author":5,"featured_media":0,"parent":0,"menu_order":0,"comment_status":"closed","ping_status":"closed","template":"","meta":{"site-sidebar-layout":"no-sidebar","site-content-layout":"plain-container","ast-site-content-layout":"normal-width-container","site-content-style":"unboxed","site-sidebar-style":"unboxed","ast-global-header-display":"","ast-banner-title-visibility":"","ast-main-header-display":"","ast-hfb-above-header-display":"","ast-hfb-below-header-display":"","ast-hfb-mobile-header-display":"","site-post-title":"disabled","ast-breadcrumbs-content":"","ast-featured-img":"disabled","footer-sml-layout":"","theme-transparent-header-meta":"enabled","adv-header-id-meta":"","stick-header-meta":"","header-above-stick-meta":"","header-main-stick-meta":"","header-below-stick-meta":"","astra-migrate-meta-layouts":"set","ast-page-background-enabled":"default","ast-page-background-meta":{"desktop":{"background-color":"","background-image":"","background-repeat":"repeat","background-position":"center center","background-size":"auto","background-attachment":"scroll","background-type":"","background-media":"","overlay-type":"","overlay-color":"","overlay-opacity":"","overlay-gradient":""},"tablet":{"background-color":"","background-image":"","background-repeat":"repeat","background-position":"center center","background-size":"auto","background-attachment":"scroll","background-type":"","background-media":"","overlay-type":"","overlay-color":"","overlay-opacity":"","overlay-gradient":""},"mobile":{"background-color":"","background-image":"","background-repeat":"repeat","background-position":"center center","background-size":"auto","background-attachment":"scroll","background-type":"","background-media":"","overlay-type":"","overlay-color":"","overlay-opacity":"","overlay-gradient":""}},"ast-content-background-meta":{"desktop":{"background-color":"var(--ast-global-color-5)","background-image":"","background-repeat":"repeat","background-position":"center center","background-size":"auto","background-attachment":"scroll","background-type":"","background-media":"","overlay-type":"","overlay-color":"","overlay-opacity":"","overlay-gradient":""},"tablet":{"background-color":"var(--ast-global-color-5)","background-image":"","background-repeat":"repeat","background-position":"center center","background-size":"auto","background-attachment":"scroll","background-type":"","background-media":"","overlay-type":"","overlay-color":"","overlay-opacity":"","overlay-gradient":""},"mobile":{"background-color":"var(--ast-global-color-5)","background-image":"","background-repeat":"repeat","background-position":"center center","background-size":"auto","background-attachment":"scroll","background-type":"","background-media":"","overlay-type":"","overlay-color":"","overlay-opacity":"","overlay-gradient":""}},"footnotes":""},"class_list":["post-2064","page","type-page","status-publish","hentry"],"_links":{"self":[{"href":"https:\/\/eugov.uab.cat\/index.php\/wp-json\/wp\/v2\/pages\/2064","targetHints":{"allow":["GET"]}}],"collection":[{"href":"https:\/\/eugov.uab.cat\/index.php\/wp-json\/wp\/v2\/pages"}],"about":[{"href":"https:\/\/eugov.uab.cat\/index.php\/wp-json\/wp\/v2\/types\/page"}],"author":[{"embeddable":true,"href":"https:\/\/eugov.uab.cat\/index.php\/wp-json\/wp\/v2\/users\/5"}],"replies":[{"embeddable":true,"href":"https:\/\/eugov.uab.cat\/index.php\/wp-json\/wp\/v2\/comments?post=2064"}],"version-history":[{"count":37,"href":"https:\/\/eugov.uab.cat\/index.php\/wp-json\/wp\/v2\/pages\/2064\/revisions"}],"predecessor-version":[{"id":3119,"href":"https:\/\/eugov.uab.cat\/index.php\/wp-json\/wp\/v2\/pages\/2064\/revisions\/3119"}],"wp:attachment":[{"href":"https:\/\/eugov.uab.cat\/index.php\/wp-json\/wp\/v2\/media?parent=2064"}],"curies":[{"name":"wp","href":"https:\/\/api.w.org\/{rel}","templated":true}]}}