{"id":1815,"date":"2020-08-24T02:50:55","date_gmt":"2020-08-24T02:50:55","guid":{"rendered":"https:\/\/eugov.uab.cat\/index.php\/home\/"},"modified":"2025-10-20T06:11:00","modified_gmt":"2025-10-20T06:11:00","slug":"home","status":"publish","type":"page","link":"https:\/\/eugov.uab.cat\/","title":{"rendered":"Home"},"content":{"rendered":"\n<div class=\"wp-block-cover alignfull has-parallax\" style=\"min-height:840px;aspect-ratio:unset;\"><span aria-hidden=\"true\" class=\"wp-block-cover__background has-background-dim-30 has-background-dim\" style=\"background-color:#181f2a\"><\/span><div class=\"wp-block-cover__image-background wp-image-2114 has-parallax\" style=\"background-position:50% 50%;background-image:url(https:\/\/eugov.uab.cat\/wp-content\/uploads\/2021\/09\/3.jpg)\"><\/div><div class=\"wp-block-cover__inner-container is-layout-flow wp-block-cover-is-layout-flow\">\n<h1 class=\"wp-block-heading has-ast-global-color-5-color has-text-color\">EUGOV<br><\/h1>\n\n\n\n<h2 class=\"wp-block-heading has-ast-global-color-5-color has-text-color\">Government and Governance in the EU<\/h2>\n\n\n\n<p><\/p>\n<\/div><\/div>\n\n\n\n<div class=\"wp-block-columns is-layout-flex wp-container-core-columns-is-layout-1 wp-block-columns-is-layout-flex\">\n<div class=\"wp-block-column is-layout-flow wp-block-column-is-layout-flow\">\n<figure class=\"wp-block-image size-full is-resized\"><img loading=\"lazy\" decoding=\"async\" width=\"285\" height=\"100\" src=\"https:\/\/eugov.uab.cat\/wp-content\/uploads\/2024\/02\/Logo_EUGOV.jpg\" alt=\"\" class=\"wp-image-2914\" style=\"width:275px;height:auto\"\/><\/figure>\n<\/div>\n\n\n\n<div class=\"wp-block-column is-layout-flow wp-block-column-is-layout-flow\">\n<figure class=\"wp-block-image aligncenter size-full\"><a href=\"https:\/\/www.upf.edu\/web\/eu-governance\" target=\"_blank\" rel=\"noreferrer noopener\"><img loading=\"lazy\" decoding=\"async\" width=\"148\" height=\"100\" src=\"https:\/\/eugov.uab.cat\/wp-content\/uploads\/2023\/04\/jmc.jpg\" alt=\"\" class=\"wp-image-2499\"\/><\/a><\/figure>\n<\/div>\n\n\n\n<div class=\"wp-block-column is-layout-flow wp-block-column-is-layout-flow\">\n<figure class=\"wp-block-image aligncenter size-full\"><a href=\"https:\/\/eupol.eu\/\" target=\"_blank\" rel=\"noreferrer noopener\"><img loading=\"lazy\" decoding=\"async\" width=\"288\" height=\"100\" src=\"https:\/\/eugov.uab.cat\/wp-content\/uploads\/2023\/04\/EupolLogo.jpg\" alt=\"\" class=\"wp-image-2500\"\/><\/a><\/figure>\n<\/div>\n\n\n\n<div class=\"wp-block-column is-layout-flow wp-block-column-is-layout-flow\">\n<figure class=\"wp-block-image aligncenter size-full\"><a href=\"https:\/\/www.upf.edu\/web\/baces\" target=\"_blank\" rel=\"noreferrer noopener\"><img loading=\"lazy\" decoding=\"async\" width=\"189\" height=\"100\" src=\"https:\/\/eugov.uab.cat\/wp-content\/uploads\/2023\/04\/baces.jpg\" alt=\"\" class=\"wp-image-2498\"\/><\/a><\/figure>\n<\/div>\n\n\n\n<div class=\"wp-block-column is-layout-flow wp-block-column-is-layout-flow\">\n<figure class=\"wp-block-image aligncenter size-full has-custom-border\"><img loading=\"lazy\" decoding=\"async\" width=\"275\" height=\"70\" src=\"https:\/\/eugov.uab.cat\/wp-content\/uploads\/2024\/08\/jm-1.png\" alt=\"\" class=\"wp-image-3015\" style=\"border-style:none;border-width:0px\"\/><\/figure>\n<\/div>\n<\/div>\n\n\n\n<div class=\"inherit-container-width wp-block-group alignfull has-background is-layout-constrained wp-block-group-is-layout-constrained\" style=\"background:linear-gradient(180deg,rgb(255,255,255) 0%,rgb(244,248,253) 100%)\"><div class=\"wp-block-group__inner-container\">\n<div class=\"wp-block-media-text alignwide has-media-on-the-right is-stacked-on-mobile is-vertically-aligned-center is-image-fill-element\" style=\"grid-template-columns:auto 43%\"><div class=\"wp-block-media-text__content\">\n<h2 class=\"wp-block-heading\">About us\u200b<\/h2>\n\n\n\n<p>EUGOV was founded in 2003 as a research group targeting the relevance and specialization of EU government and governance. It recognizes the significance of research and cooperation to analyze and develop science and policy that addresses European integration theory, EU institutional and decision-making, EU policy-making, EU democratic quality, European comparative studies and multi-level governance.<\/p>\n\n\n\n<p>The EUGOV group has established itself as a leader in EU studies in Spain, with the Generalitat of Catalunya recognizing it as a Consolidated Group from 2009 to present.<\/p>\n\n\n\n<p>Its principal expertise includes those themes related to:<\/p>\n\n\n\n<ul class=\"wp-block-list\">\n<li>EU institutional dynamics and decision-making<\/li>\n\n\n\n<li>Power, democracy and legitimacy in the EU<\/li>\n\n\n\n<li>European policies<\/li>\n\n\n\n<li>Theories of European integration<\/li>\n\n\n\n<li>Europeanisation<\/li>\n\n\n\n<li>European Public Administration<\/li>\n<\/ul>\n\n\n\n<p>Given the nature of its work, its scope includes not only the European Union but comparative studies of European countries and some third countries. It particularly thrives on the collective collaboration of faculty, doctoral candidates, postgraduate and undergraduate students, as well as affiliated scholars from across Spain and the rest of Europe.<\/p>\n\n\n\n<p><a href=\"https:\/\/eugov.uab.cat\/index.php\/about\/\"><strong>Read more<\/strong><\/a><\/p>\n<\/div><figure class=\"wp-block-media-text__media\"><img loading=\"lazy\" decoding=\"async\" width=\"842\" height=\"1024\" src=\"https:\/\/eugov.uab.cat\/wp-content\/uploads\/2022\/09\/EU.jpg\" alt=\"\" class=\"wp-image-2286 size-full\" style=\"object-position:50% 50%\" srcset=\"https:\/\/eugov.uab.cat\/wp-content\/uploads\/2022\/09\/EU.jpg 842w, https:\/\/eugov.uab.cat\/wp-content\/uploads\/2022\/09\/EU-247x300.jpg 247w, https:\/\/eugov.uab.cat\/wp-content\/uploads\/2022\/09\/EU-768x934.jpg 768w\" sizes=\"auto, (max-width: 842px) 100vw, 842px\" \/><\/figure><\/div>\n<\/div><\/div>\n\n\n\n<div style=\"height:31px\" aria-hidden=\"true\" class=\"wp-block-spacer\"><\/div>\n\n\n\n<h3 class=\"wp-block-heading\">Last publications<\/h3>\n\n\n\n<p><strong><strong><a href=\"https:\/\/revistes.uab.cat\/quadernsiee\/issue\/view\/ep\" target=\"_blank\" rel=\"noreferrer noopener\">EU Consular Protection and Assistance Regime Overseas- EUGLOB Policy Report\u00a0<em>Public Opinion on EU Consular Protection and Assistance Overseas- Descriptive Country Report- Spain 2025<\/em><\/a><\/strong><\/strong><br>Biten-Butorac, M. &amp; Fern\u00e1ndez-Pasar\u00edn, A.<\/p>\n\n\n\n<p><strong><a href=\"https:\/\/doi.org\/10.1080\/13501763.2025.2480225\" target=\"_blank\" rel=\"noreferrer noopener\"><strong><strong><strong>Democratic accountability regimes, populism, and transparency in the European Parliament<\/strong><\/strong><\/strong><br><\/a><\/strong>Font, N. and Ares, C.&nbsp;<em>Journal of European Public Policy.<\/em><\/p>\n\n\n\n<p><strong><a href=\"https:\/\/doi.org\/10.1002\/epa2.1230\"><strong><strong><strong>The Governance of the Recovery and Resilience Facility. The Incremental Innovation of Standard Conditionality Regime<\/strong><\/strong><\/strong><br><\/a><\/strong>Fern\u00e1ndez-Pasar\u00edn, A.M and Lanaia, A. <em>&nbsp;European Policy Analysis<\/em>. <em>&nbsp;<\/em><\/p>\n\n\n\n<p><a href=\"https:\/\/doi.org\/10.1080\/01402382.2024.2325785\" target=\"_blank\" rel=\"noreferrer noopener\"><strong><strong><strong>The short-lived hope for contagion: Brexit in social media communication of the populist right<\/strong><\/strong><\/strong><\/a><a href=\"https:\/\/www.e-elgar.com\/shop\/gbp\/social-reformism-2-0-9781035311439.html\" target=\"_blank\" rel=\"noreferrer noopener\"><strong><br><\/strong><\/a>Mir\u00f3, J., Altiparmakis, A. and Chendi, W.&nbsp;<em>West European Politics, 47<\/em>(5): 1097-1120.<em>&nbsp;<\/em><\/p>\n\n\n\n<p><a href=\"https:\/\/doi.org\/10.1080\/23745118.2024.2341320\" target=\"_blank\" rel=\"noreferrer noopener\"><strong><strong><strong>The middle-class base of European integration? New class divides and attitudes towards market integration in ten EU countries<\/strong><\/strong><\/strong><\/a><a href=\"https:\/\/www.e-elgar.com\/shop\/gbp\/social-reformism-2-0-9781035311439.html\" target=\"_blank\" rel=\"noreferrer noopener\"><strong><br><\/strong><\/a>Ronchi, S. and Mir\u00f3, J.<em>&nbsp;European Politics &amp; Society<\/em>.<em>&nbsp;<\/em><\/p>\n\n\n\n<p><a href=\"https:\/\/www.e-elgar.com\/shop\/gbp\/handbook-on-european-union-public-administration-9781802209006.html\" target=\"_blank\" rel=\"noreferrer noopener\"><strong>State of the art in the study of EU agencies: the role of trust as a turning point<\/strong><\/a><a href=\"https:\/\/www.e-elgar.com\/shop\/gbp\/social-reformism-2-0-9781035311439.html\" target=\"_blank\" rel=\"noreferrer noopener\"><strong><br><\/strong><\/a>G\u00f3mez, J. and P\u00e9rez-Dur\u00e1n, I. in Brandsma, G.J. (Ed.). <em>Handbook on European Union Public Administration <\/em>(Cheltenham: Edward Elgar), p.138.<em>&nbsp;<\/em><\/p>\n\n\n\n<p><a href=\"https:\/\/doi.org\/10.1080\/08959420.2024.2348964\" target=\"_blank\" rel=\"noreferrer noopener\"><strong>General and Substantive Accountability in Nursing Home Services: Assessing Messages from the Demand Side and the Supply Side<\/strong><\/a><a href=\"https:\/\/www.e-elgar.com\/shop\/gbp\/social-reformism-2-0-9781035311439.html\" target=\"_blank\" rel=\"noreferrer noopener\"><strong><br><\/strong><\/a>P\u00e9rez-Dur\u00e1n, I. and Hern\u00e1ndez-S\u00e1nchez, A.&nbsp;<em>Journal of Aging &amp; Social Policy.&nbsp;<\/em><\/p>\n\n\n\n<h3 class=\"wp-block-heading\">News<\/h3>\n\n\n<div class=\"pt-cv-wrapper\"><div class=\"pt-cv-view pt-cv-grid pt-cv-colsys\" id=\"pt-cv-view-95a197afv4\"><div data-id=\"pt-cv-page-1\" class=\"pt-cv-page\" data-cvc=\"4\"><div class=\"col-md-3 col-sm-6 col-xs-12 pt-cv-content-item pt-cv-1-col\" ><div class='pt-cv-ifield'><a href=\"https:\/\/eugov.uab.cat\/index.php\/2025\/03\/14\/eugov-seminar-13-march-2025\/\" class=\"_self pt-cv-href-thumbnail pt-cv-thumb-default\" target=\"_self\" ><img loading=\"lazy\" decoding=\"async\" width=\"212\" height=\"300\" src=\"https:\/\/eugov.uab.cat\/wp-content\/uploads\/2025\/03\/1.png\" class=\"pt-cv-thumbnail\" alt=\"\" \/><\/a>\n<h4 class=\"pt-cv-title\"><a href=\"https:\/\/eugov.uab.cat\/index.php\/2025\/03\/14\/eugov-seminar-13-march-2025\/\" class=\"_self\" target=\"_self\" >EUGOV Seminar, 13 March 2025<\/a><\/h4>\n<div class=\"pt-cv-content\">EUGOV Seminar on 13 March 2025 (13:00) at Sala de Juntes, Faculty of Political Science and Sociology, UAB. Speaker: Francesco &#8230;<br \/><div class=\"pt-cv-rmwrap\"><a href=\"https:\/\/eugov.uab.cat\/index.php\/2025\/03\/14\/eugov-seminar-13-march-2025\/\" class=\"_self pt-cv-readmore btn btn-success\" target=\"_self\">Leer M\u00e1s<\/a><\/div><\/div><\/div><\/div>\n<div class=\"col-md-3 col-sm-6 col-xs-12 pt-cv-content-item pt-cv-1-col\" ><div class='pt-cv-ifield'><a href=\"https:\/\/eugov.uab.cat\/index.php\/2025\/02\/25\/eugov-seminar-24-february-2025\/\" class=\"_self pt-cv-href-thumbnail pt-cv-thumb-default\" target=\"_self\" ><img loading=\"lazy\" decoding=\"async\" width=\"212\" height=\"300\" src=\"https:\/\/eugov.uab.cat\/wp-content\/uploads\/2025\/02\/1.jpg\" class=\"pt-cv-thumbnail\" alt=\"\" \/><\/a>\n<h4 class=\"pt-cv-title\"><a href=\"https:\/\/eugov.uab.cat\/index.php\/2025\/02\/25\/eugov-seminar-24-february-2025\/\" class=\"_self\" target=\"_self\" >EUGOV Seminar, 24 February 2025<\/a><\/h4>\n<div class=\"pt-cv-content\">EUGOV Seminar on 24 February 2025 (13:00) at Sala Europa, European Documentation Centre of the UAB. Speaker: Yannis Karagiannis, Institut &#8230;<br \/><div class=\"pt-cv-rmwrap\"><a href=\"https:\/\/eugov.uab.cat\/index.php\/2025\/02\/25\/eugov-seminar-24-february-2025\/\" class=\"_self pt-cv-readmore btn btn-success\" target=\"_self\">Leer M\u00e1s<\/a><\/div><\/div><\/div><\/div>\n<div class=\"col-md-3 col-sm-6 col-xs-12 pt-cv-content-item pt-cv-1-col\" ><div class='pt-cv-ifield'><a href=\"https:\/\/eugov.uab.cat\/index.php\/2024\/12\/11\/eugov-seminar-25-november-2024\/\" class=\"_self pt-cv-href-thumbnail pt-cv-thumb-default\" target=\"_self\" ><img loading=\"lazy\" decoding=\"async\" width=\"212\" height=\"300\" src=\"https:\/\/eugov.uab.cat\/wp-content\/uploads\/2024\/12\/thumbnail_GdO6MjpWcAAxpF7.jpg\" class=\"pt-cv-thumbnail\" alt=\"\" \/><\/a>\n<h4 class=\"pt-cv-title\"><a href=\"https:\/\/eugov.uab.cat\/index.php\/2024\/12\/11\/eugov-seminar-25-november-2024\/\" class=\"_self\" target=\"_self\" >EUGOV Seminar, 25 November 2024<\/a><\/h4>\n<div class=\"pt-cv-content\">EUGOV Seminar on 25 November 2024 (13:00) at Room 20.283 (Jaume I Building) of the UPF. Speaker: Nicolas Bicchi (UPF) &#8230;<br \/><div class=\"pt-cv-rmwrap\"><a href=\"https:\/\/eugov.uab.cat\/index.php\/2024\/12\/11\/eugov-seminar-25-november-2024\/\" class=\"_self pt-cv-readmore btn btn-success\" target=\"_self\">Leer M\u00e1s<\/a><\/div><\/div><\/div><\/div>\n<div class=\"col-md-3 col-sm-6 col-xs-12 pt-cv-content-item pt-cv-1-col\" ><div class='pt-cv-ifield'><a href=\"https:\/\/eugov.uab.cat\/index.php\/2024\/10\/22\/eugov-seminar-21-october-2024\/\" class=\"_self pt-cv-href-thumbnail pt-cv-thumb-default\" target=\"_self\" ><img loading=\"lazy\" decoding=\"async\" width=\"212\" height=\"300\" src=\"https:\/\/eugov.uab.cat\/wp-content\/uploads\/2024\/10\/Agusti.jpg\" class=\"pt-cv-thumbnail\" alt=\"\" \/><\/a>\n<h4 class=\"pt-cv-title\"><a href=\"https:\/\/eugov.uab.cat\/index.php\/2024\/10\/22\/eugov-seminar-21-october-2024\/\" class=\"_self\" target=\"_self\" >EUGOV Seminar, 21 October 2024<\/a><\/h4>\n<div class=\"pt-cv-content\">EUGOV Seminar on 21 October 2024 (12:00) at Autonomous University of Barcelona, Sala Europa. Speaker: Agust\u00ed Bosch (UAB). Title: Second-order &#8230;<br \/><div class=\"pt-cv-rmwrap\"><a href=\"https:\/\/eugov.uab.cat\/index.php\/2024\/10\/22\/eugov-seminar-21-october-2024\/\" class=\"_self pt-cv-readmore btn btn-success\" target=\"_self\">Leer M\u00e1s<\/a><\/div><\/div><\/div><\/div>\n<div class=\"col-md-3 col-sm-6 col-xs-12 pt-cv-content-item pt-cv-1-col\" ><div class='pt-cv-ifield'><a href=\"https:\/\/eugov.uab.cat\/index.php\/2024\/09\/27\/eugov-research-stay-2024-2025\/\" class=\"_self pt-cv-href-thumbnail pt-cv-thumb-default\" target=\"_self\" ><img loading=\"lazy\" decoding=\"async\" width=\"212\" height=\"300\" src=\"https:\/\/eugov.uab.cat\/wp-content\/uploads\/2024\/09\/Zeynep.jpg\" class=\"pt-cv-thumbnail\" alt=\"\" \/><\/a>\n<h4 class=\"pt-cv-title\"><a href=\"https:\/\/eugov.uab.cat\/index.php\/2024\/09\/27\/eugov-research-stay-2024-2025\/\" class=\"_self\" target=\"_self\" >EUGOV Research Stay 2024-2025<\/a><\/h4>\n<div class=\"pt-cv-content\">Zeynep G\u00f6zde G\u00fcven L\u00fcleci will be visiting our research group EUGOV during the 2024-25 academic year. G\u00f6zde has been awarded &#8230;<br \/><div class=\"pt-cv-rmwrap\"><a href=\"https:\/\/eugov.uab.cat\/index.php\/2024\/09\/27\/eugov-research-stay-2024-2025\/\" class=\"_self pt-cv-readmore btn btn-success\" target=\"_self\">Leer M\u00e1s<\/a><\/div><\/div><\/div><\/div>\n<div class=\"col-md-3 col-sm-6 col-xs-12 pt-cv-content-item pt-cv-1-col\" ><div class='pt-cv-ifield'><a href=\"https:\/\/eugov.uab.cat\/index.php\/2024\/09\/12\/6th-edition-of-the-baces-and-eugov-research-conference-on-eu-studies-10-september-2024\/\" class=\"_self pt-cv-href-thumbnail pt-cv-thumb-default\" target=\"_self\" ><img loading=\"lazy\" decoding=\"async\" width=\"212\" height=\"300\" src=\"https:\/\/eugov.uab.cat\/wp-content\/uploads\/2024\/09\/6th.jpg\" class=\"pt-cv-thumbnail\" alt=\"\" \/><\/a>\n<h4 class=\"pt-cv-title\"><a href=\"https:\/\/eugov.uab.cat\/index.php\/2024\/09\/12\/6th-edition-of-the-baces-and-eugov-research-conference-on-eu-studies-10-september-2024\/\" class=\"_self\" target=\"_self\" >6th Edition of the BACES\u00a0and EUGOV Research Conference on EU Studies, 10 September 2024<\/a><\/h4>\n<div class=\"pt-cv-content\">On September 10th took place the 6th edition of the Research Conference on EU Studies. It was organized by BACES &#8230;<br \/><div class=\"pt-cv-rmwrap\"><a href=\"https:\/\/eugov.uab.cat\/index.php\/2024\/09\/12\/6th-edition-of-the-baces-and-eugov-research-conference-on-eu-studies-10-september-2024\/\" class=\"_self pt-cv-readmore btn btn-success\" target=\"_self\">Leer M\u00e1s<\/a><\/div><\/div><\/div><\/div>\n<div class=\"col-md-3 col-sm-6 col-xs-12 pt-cv-content-item pt-cv-1-col\" ><div class='pt-cv-ifield'><a href=\"https:\/\/eugov.uab.cat\/index.php\/2024\/08\/28\/jean-monnet-centre-of-excellence-in-european-global-policies-euglob\/\" class=\"_self pt-cv-href-thumbnail pt-cv-thumb-default\" target=\"_self\" ><img loading=\"lazy\" decoding=\"async\" width=\"212\" height=\"300\" src=\"https:\/\/eugov.uab.cat\/wp-content\/uploads\/2024\/08\/program.jpg\" class=\"pt-cv-thumbnail\" alt=\"\" \/><\/a>\n<h4 class=\"pt-cv-title\"><a href=\"https:\/\/eugov.uab.cat\/index.php\/2024\/08\/28\/jean-monnet-centre-of-excellence-in-european-global-policies-euglob\/\" class=\"_self\" target=\"_self\" >Jean Monnet Centre of Excellence in European Global Policies (EUGLOB)<\/a><\/h4>\n<div class=\"pt-cv-content\">In July 2024 the proposal of the EUGLOB project was approved by the European Commission with an overall score of &#8230;<br \/><div class=\"pt-cv-rmwrap\"><a href=\"https:\/\/eugov.uab.cat\/index.php\/2024\/08\/28\/jean-monnet-centre-of-excellence-in-european-global-policies-euglob\/\" class=\"_self pt-cv-readmore btn btn-success\" target=\"_self\">Leer M\u00e1s<\/a><\/div><\/div><\/div><\/div>\n<div class=\"col-md-3 col-sm-6 col-xs-12 pt-cv-content-item pt-cv-1-col\" ><div class='pt-cv-ifield'><a href=\"https:\/\/eugov.uab.cat\/index.php\/2024\/08\/28\/aecpa-award-for-the-best-chapter\/\" class=\"_self pt-cv-href-thumbnail pt-cv-thumb-default\" target=\"_self\" ><img loading=\"lazy\" decoding=\"async\" width=\"212\" height=\"300\" src=\"https:\/\/eugov.uab.cat\/wp-content\/uploads\/2024\/08\/foto.jpg\" class=\"pt-cv-thumbnail\" alt=\"\" \/><\/a>\n<h4 class=\"pt-cv-title\"><a href=\"https:\/\/eugov.uab.cat\/index.php\/2024\/08\/28\/aecpa-award-for-the-best-chapter\/\" class=\"_self\" target=\"_self\" >AECPA award for the best chapter<\/a><\/h4>\n<div class=\"pt-cv-content\">In August 2024 Ixchel P\u00e9rez Dur\u00e1n received together with Juan Carlos Trivi\u00f1o-Salazar the award for best chapter by the Asociaci\u00f3n &#8230;<br \/><div class=\"pt-cv-rmwrap\"><a href=\"https:\/\/eugov.uab.cat\/index.php\/2024\/08\/28\/aecpa-award-for-the-best-chapter\/\" class=\"_self pt-cv-readmore btn btn-success\" target=\"_self\">Leer M\u00e1s<\/a><\/div><\/div><\/div><\/div>\n<div class=\"col-md-3 col-sm-6 col-xs-12 pt-cv-content-item pt-cv-1-col\" ><div class='pt-cv-ifield'><a href=\"https:\/\/eugov.uab.cat\/index.php\/2024\/06\/26\/eugov-seminar-25-june-2024\/\" class=\"_self pt-cv-href-thumbnail pt-cv-thumb-default\" target=\"_self\" ><img loading=\"lazy\" decoding=\"async\" width=\"212\" height=\"300\" src=\"https:\/\/eugov.uab.cat\/wp-content\/uploads\/2024\/06\/Sin-titulo-4.jpg\" class=\"pt-cv-thumbnail\" alt=\"\" \/><\/a>\n<h4 class=\"pt-cv-title\"><a href=\"https:\/\/eugov.uab.cat\/index.php\/2024\/06\/26\/eugov-seminar-25-june-2024\/\" class=\"_self\" target=\"_self\" >EUGOV Seminar, 25 June 2024<\/a><\/h4>\n<div class=\"pt-cv-content\">EUGOV Seminar presentation of \u00abSame Money, Different Impact? The Conditional Effectiveness of European Structural and Investment Funds on EU Support &#8230;<br \/><div class=\"pt-cv-rmwrap\"><a href=\"https:\/\/eugov.uab.cat\/index.php\/2024\/06\/26\/eugov-seminar-25-june-2024\/\" class=\"_self pt-cv-readmore btn btn-success\" target=\"_self\">Leer M\u00e1s<\/a><\/div><\/div><\/div><\/div>\n<div class=\"col-md-3 col-sm-6 col-xs-12 pt-cv-content-item pt-cv-1-col\" ><div class='pt-cv-ifield'><a href=\"https:\/\/eugov.uab.cat\/index.php\/2024\/03\/18\/eugov-seminar-on-14-march\/\" class=\"_self pt-cv-href-thumbnail pt-cv-thumb-default\" target=\"_self\" ><img loading=\"lazy\" decoding=\"async\" width=\"212\" height=\"300\" src=\"https:\/\/eugov.uab.cat\/wp-content\/uploads\/2024\/03\/14Marzo.jpg\" class=\"pt-cv-thumbnail\" alt=\"\" \/><\/a>\n<h4 class=\"pt-cv-title\"><a href=\"https:\/\/eugov.uab.cat\/index.php\/2024\/03\/18\/eugov-seminar-on-14-march\/\" class=\"_self\" target=\"_self\" >EUGOV Seminar on 14 March<\/a><\/h4>\n<div class=\"pt-cv-content\">EUGOV Seminar on 14 March (13:00) at Autonomous University of Barcelona, Sala Europa. Speaker: Antoni Abat and Jorge Pi\u00f1era (IIEE-UAB) &#8230;<br \/><div class=\"pt-cv-rmwrap\"><a href=\"https:\/\/eugov.uab.cat\/index.php\/2024\/03\/18\/eugov-seminar-on-14-march\/\" class=\"_self pt-cv-readmore btn btn-success\" target=\"_self\">Leer M\u00e1s<\/a><\/div><\/div><\/div><\/div><\/div><\/div><\/div>\n\n\n<div class=\"wp-block-cover alignfull has-background-dim has-parallax\" style=\"background-image:url(https:\/\/eugov.uab.cat\/wp-content\/uploads\/2020\/08\/CTA-bg-1.jpg);background-color:#181f2a;min-height:335px;aspect-ratio:unset;\"><div class=\"wp-block-cover__inner-container is-layout-flow wp-block-cover-is-layout-flow\">\n<h2 class=\"has-text-align-center wp-block-heading\">Contact us<\/h2>\n\n\n\n<p class=\"has-text-align-center\">Feel free to contact us<\/p>\n\n\n\n<div class=\"wp-block-buttons is-content-justification-center is-layout-flex wp-block-buttons-is-layout-flex\">\n<div class=\"wp-block-button\"><a class=\"wp-block-button__link\" href=\"mailto:eugov@uab.cat\">eugov@uab.cat<\/a><\/div>\n<\/div>\n<\/div><\/div>\n","protected":false},"excerpt":{"rendered":"<p>About us\u200b EUGOV was founded in 2003 as a research group targeting the relevance and specialization of EU government and governance. It recognizes the significance of research and cooperation to analyze and develop science and policy that addresses European integration theory, EU institutional and decision-making, EU policy-making, EU democratic quality, European comparative studies and multi-level [&hellip;]<\/p>\n","protected":false},"author":5,"featured_media":0,"parent":0,"menu_order":0,"comment_status":"closed","ping_status":"closed","template":"","meta":{"site-sidebar-layout":"no-sidebar","site-content-layout":"plain-container","ast-site-content-layout":"normal-width-container","site-content-style":"unboxed","site-sidebar-style":"unboxed","ast-global-header-display":"","ast-banner-title-visibility":"","ast-main-header-display":"","ast-hfb-above-header-display":"","ast-hfb-below-header-display":"","ast-hfb-mobile-header-display":"","site-post-title":"disabled","ast-breadcrumbs-content":"","ast-featured-img":"disabled","footer-sml-layout":"","theme-transparent-header-meta":"enabled","adv-header-id-meta":"","stick-header-meta":"","header-above-stick-meta":"","header-main-stick-meta":"","header-below-stick-meta":"","astra-migrate-meta-layouts":"set","ast-page-background-enabled":"default","ast-page-background-meta":{"desktop":{"background-color":"","background-image":"","background-repeat":"repeat","background-position":"center center","background-size":"auto","background-attachment":"scroll","background-type":"","background-media":"","overlay-type":"","overlay-color":"","overlay-opacity":"","overlay-gradient":""},"tablet":{"background-color":"","background-image":"","background-repeat":"repeat","background-position":"center center","background-size":"auto","background-attachment":"scroll","background-type":"","background-media":"","overlay-type":"","overlay-color":"","overlay-opacity":"","overlay-gradient":""},"mobile":{"background-color":"","background-image":"","background-repeat":"repeat","background-position":"center center","background-size":"auto","background-attachment":"scroll","background-type":"","background-media":"","overlay-type":"","overlay-color":"","overlay-opacity":"","overlay-gradient":""}},"ast-content-background-meta":{"desktop":{"background-color":"var(--ast-global-color-5)","background-image":"","background-repeat":"repeat","background-position":"center center","background-size":"auto","background-attachment":"scroll","background-type":"","background-media":"","overlay-type":"","overlay-color":"","overlay-opacity":"","overlay-gradient":""},"tablet":{"background-color":"var(--ast-global-color-5)","background-image":"","background-repeat":"repeat","background-position":"center center","background-size":"auto","background-attachment":"scroll","background-type":"","background-media":"","overlay-type":"","overlay-color":"","overlay-opacity":"","overlay-gradient":""},"mobile":{"background-color":"var(--ast-global-color-5)","background-image":"","background-repeat":"repeat","background-position":"center center","background-size":"auto","background-attachment":"scroll","background-type":"","background-media":"","overlay-type":"","overlay-color":"","overlay-opacity":"","overlay-gradient":""}},"footnotes":""},"class_list":["post-1815","page","type-page","status-publish","hentry"],"_links":{"self":[{"href":"https:\/\/eugov.uab.cat\/index.php\/wp-json\/wp\/v2\/pages\/1815","targetHints":{"allow":["GET"]}}],"collection":[{"href":"https:\/\/eugov.uab.cat\/index.php\/wp-json\/wp\/v2\/pages"}],"about":[{"href":"https:\/\/eugov.uab.cat\/index.php\/wp-json\/wp\/v2\/types\/page"}],"author":[{"embeddable":true,"href":"https:\/\/eugov.uab.cat\/index.php\/wp-json\/wp\/v2\/users\/5"}],"replies":[{"embeddable":true,"href":"https:\/\/eugov.uab.cat\/index.php\/wp-json\/wp\/v2\/comments?post=1815"}],"version-history":[{"count":110,"href":"https:\/\/eugov.uab.cat\/index.php\/wp-json\/wp\/v2\/pages\/1815\/revisions"}],"predecessor-version":[{"id":3113,"href":"https:\/\/eugov.uab.cat\/index.php\/wp-json\/wp\/v2\/pages\/1815\/revisions\/3113"}],"wp:attachment":[{"href":"https:\/\/eugov.uab.cat\/index.php\/wp-json\/wp\/v2\/media?parent=1815"}],"curies":[{"name":"wp","href":"https:\/\/api.w.org\/{rel}","templated":true}]}}